{"id":4400,"date":"2021-10-12T15:51:09","date_gmt":"2021-10-12T15:51:09","guid":{"rendered":"http:\/\/dummy.xtemos.com\/woodmart2\/elementor\/?page_id=4400"},"modified":"2022-08-02T02:23:10","modified_gmt":"2022-08-02T02:23:10","slug":"about-us-3-2","status":"publish","type":"page","link":"https:\/\/cukurovaav.com\/en\/about-us-3-2\/","title":{"rendered":"About Us"},"content":{"rendered":"<div data-elementor-type=\"wp-page\" data-elementor-id=\"4400\" class=\"elementor elementor-4400\">\n\t\t\t\t\t\t\t\t\t<section class=\"wd-negative-gap elementor-section elementor-top-section elementor-element elementor-element-3c548bca elementor-reverse-tablet elementor-reverse-mobile elementor-section-boxed elementor-section-height-default elementor-section-height-default wd-section-disabled\" data-id=\"3c548bca\" data-element_type=\"section\">\n\t\t\t\t\t\t<div class=\"elementor-container elementor-column-gap-default\">\n\t\t\t\t\t<div class=\"elementor-column elementor-col-50 elementor-top-column elementor-element elementor-element-1d354ed7\" data-id=\"1d354ed7\" data-element_type=\"column\">\n\t\t\t<div class=\"elementor-widget-wrap elementor-element-populated\">\n\t\t\t\t\t\t\t\t<div class=\"elementor-element elementor-element-3b8f1c6 elementor-widget elementor-widget-wd_image_or_svg\" data-id=\"3b8f1c6\" data-element_type=\"widget\" data-widget_type=\"wd_image_or_svg.default\">\n\t\t\t\t<div class=\"elementor-widget-container\">\n\t\t\t\n\t\t<div class=\"wd-image text-left\">\n\t\t\t\t\t\t\t\t<img loading=\"lazy\" decoding=\"async\" width=\"1344\" height=\"1030\" src=\"https:\/\/cukurovaav.com\/wp-content\/uploads\/2022\/07\/image-024.jpg\" class=\"attachment-full size-full\" alt=\"\" srcset=\"https:\/\/cukurovaav.com\/wp-content\/uploads\/2022\/07\/image-024.jpg 1344w, https:\/\/cukurovaav.com\/wp-content\/uploads\/2022\/07\/image-024-430x330.jpg 430w, https:\/\/cukurovaav.com\/wp-content\/uploads\/2022\/07\/image-024-150x115.jpg 150w, https:\/\/cukurovaav.com\/wp-content\/uploads\/2022\/07\/image-024-700x536.jpg 700w, https:\/\/cukurovaav.com\/wp-content\/uploads\/2022\/07\/image-024-391x300.jpg 391w, https:\/\/cukurovaav.com\/wp-content\/uploads\/2022\/07\/image-024-1044x800.jpg 1044w, https:\/\/cukurovaav.com\/wp-content\/uploads\/2022\/07\/image-024-768x589.jpg 768w, https:\/\/cukurovaav.com\/wp-content\/uploads\/2022\/07\/image-024-860x659.jpg 860w\" sizes=\"auto, (max-width: 1344px) 100vw, 1344px\" \/>\t\t\t\t\t<\/div>\n\n\t\t\t\t<\/div>\n\t\t\t\t<\/div>\n\t\t\t\t\t<\/div>\n\t\t<\/div>\n\t\t\t\t<div class=\"elementor-column elementor-col-50 elementor-top-column elementor-element elementor-element-7a9daa7\" data-id=\"7a9daa7\" data-element_type=\"column\">\n\t\t\t<div class=\"elementor-widget-wrap elementor-element-populated\">\n\t\t\t\t\t\t\t\t<div class=\"elementor-element elementor-element-18566191 elementor-widget elementor-widget-wd_title\" data-id=\"18566191\" data-element_type=\"widget\" data-widget_type=\"wd_title.default\">\n\t\t\t\t<div class=\"elementor-widget-container\">\n\t\t\t\t\t<div class=\"title-wrapper set-mb-s reset-last-child wd-title-color-primary wd-title-style-default wd-title-size-large text-left\">\n\n\t\t\t\t\t\t\t<div class=\"title-subtitle subtitle-color-primary subtitle-style-default wd-fontsize-xs\">\n\t\t\t\t\tLEARN ABOUT CUKUROVA AV\t\t\t\t<\/div>\n\t\t\t\n\t\t\t<div class=\"liner-continer\">\n\t\t\t\t<h4 class=\"woodmart-title-container title wd-fontsize-xxl\">About Us<\/h4> \n\t\t\t\t\t\t\t<\/div>\n\n\t\t\t\t\t<\/div>\n\t\t\t\t<\/div>\n\t\t\t\t<\/div>\n\t\t\t\t<div class=\"elementor-element elementor-element-cf34ae6 elementor-widget elementor-widget-wd_text_block\" data-id=\"cf34ae6\" data-element_type=\"widget\" data-widget_type=\"wd_text_block.default\">\n\t\t\t\t<div class=\"elementor-widget-container\">\n\t\t\t\t\t<div class=\"wd-text-block reset-last-child text-left\">\n\t\t\t\n\t\t\t<p>\u00c7ukurova Av Spor was founded in 1999 with the aim of enabling American soldiers and pilots in Adana's \u0130ncirlik Air Base to have easier access to hunting rifles and the best products related to hunting.<\/p><p>When it was first opened, it continued on its way by growing as both the most preferred and reliable company with its high quality service and delivery service to its addresses in America. Thanks to the good references we have obtained here, we continue on our way as the only company invited to provide hunting rifles and hunting equipment services to the soldiers on the American warships visiting Turkey.<\/p><p>\u00a0<\/p>\n\t\t\t\t\t<\/div>\n\t\t\t\t<\/div>\n\t\t\t\t<\/div>\n\t\t\t\t\t<\/div>\n\t\t<\/div>\n\t\t\t\t\t\t\t<\/div>\n\t\t<\/section>\n\t\t\t\t<section class=\"wd-negative-gap elementor-section elementor-top-section elementor-element elementor-element-5cc785b elementor-reverse-tablet elementor-reverse-mobile elementor-section-boxed elementor-section-height-default elementor-section-height-default wd-section-disabled\" data-id=\"5cc785b\" data-element_type=\"section\">\n\t\t\t\t\t\t<div class=\"elementor-container elementor-column-gap-default\">\n\t\t\t\t\t<div class=\"elementor-column elementor-col-50 elementor-top-column elementor-element elementor-element-715f61c\" data-id=\"715f61c\" data-element_type=\"column\">\n\t\t\t<div class=\"elementor-widget-wrap elementor-element-populated\">\n\t\t\t\t\t\t\t\t<div class=\"elementor-element elementor-element-b0c57ba elementor-widget elementor-widget-wd_text_block\" data-id=\"b0c57ba\" data-element_type=\"widget\" data-widget_type=\"wd_text_block.default\">\n\t\t\t\t<div class=\"elementor-widget-container\">\n\t\t\t\t\t<div class=\"wd-text-block reset-last-child text-left\">\n\t\t\t\n\t\t\t<p>We have established our own sales store in Dallas Fort Worth with our partner in America with our own brand SILVEREAGLE since 2009. After continuing the sales store we created by following the path of big brands for 5 years, we continued to develop and expand by moving to a wider place in order to be able to sell wholesale in the USA, adding our repair and spare parts departments.<\/p><p>At the point we have reached today, as our own brand SILVEREAGLE, we are developing and expanding day by day with our distribution channels all over America.<\/p><p>\u00a0<\/p>\n\t\t\t\t\t<\/div>\n\t\t\t\t<\/div>\n\t\t\t\t<\/div>\n\t\t\t\t\t<\/div>\n\t\t<\/div>\n\t\t\t\t<div class=\"elementor-column elementor-col-50 elementor-top-column elementor-element elementor-element-0712cc7\" data-id=\"0712cc7\" data-element_type=\"column\">\n\t\t\t<div class=\"elementor-widget-wrap elementor-element-populated\">\n\t\t\t\t\t\t\t\t<div class=\"elementor-element elementor-element-95e98f9 elementor-widget elementor-widget-wd_image_or_svg\" data-id=\"95e98f9\" data-element_type=\"widget\" data-widget_type=\"wd_image_or_svg.default\">\n\t\t\t\t<div class=\"elementor-widget-container\">\n\t\t\t\n\t\t<div class=\"wd-image text-left\">\n\t\t\t\t\t\t\t\t<img loading=\"lazy\" decoding=\"async\" width=\"1344\" height=\"1025\" src=\"https:\/\/cukurovaav.com\/wp-content\/uploads\/2022\/07\/image-082.jpg\" class=\"attachment-full size-full\" alt=\"\" srcset=\"https:\/\/cukurovaav.com\/wp-content\/uploads\/2022\/07\/image-082.jpg 1344w, https:\/\/cukurovaav.com\/wp-content\/uploads\/2022\/07\/image-082-430x328.jpg 430w, https:\/\/cukurovaav.com\/wp-content\/uploads\/2022\/07\/image-082-150x114.jpg 150w, https:\/\/cukurovaav.com\/wp-content\/uploads\/2022\/07\/image-082-700x534.jpg 700w, https:\/\/cukurovaav.com\/wp-content\/uploads\/2022\/07\/image-082-393x300.jpg 393w, https:\/\/cukurovaav.com\/wp-content\/uploads\/2022\/07\/image-082-1049x800.jpg 1049w, https:\/\/cukurovaav.com\/wp-content\/uploads\/2022\/07\/image-082-768x586.jpg 768w, https:\/\/cukurovaav.com\/wp-content\/uploads\/2022\/07\/image-082-860x656.jpg 860w\" sizes=\"auto, (max-width: 1344px) 100vw, 1344px\" \/>\t\t\t\t\t<\/div>\n\n\t\t\t\t<\/div>\n\t\t\t\t<\/div>\n\t\t\t\t\t<\/div>\n\t\t<\/div>\n\t\t\t\t\t\t\t<\/div>\n\t\t<\/section>\n\t\t\t\t<section class=\"wd-negative-gap elementor-section elementor-top-section elementor-element elementor-element-f2b8457 elementor-reverse-tablet elementor-reverse-mobile elementor-section-boxed elementor-section-height-default elementor-section-height-default wd-section-disabled\" data-id=\"f2b8457\" data-element_type=\"section\">\n\t\t\t\t\t\t<div class=\"elementor-container elementor-column-gap-default\">\n\t\t\t\t\t<div class=\"elementor-column elementor-col-50 elementor-top-column elementor-element elementor-element-7fc8587\" data-id=\"7fc8587\" data-element_type=\"column\">\n\t\t\t<div class=\"elementor-widget-wrap elementor-element-populated\">\n\t\t\t\t\t\t\t\t<div class=\"elementor-element elementor-element-5e3e1ae elementor-widget elementor-widget-wd_image_or_svg\" data-id=\"5e3e1ae\" data-element_type=\"widget\" data-widget_type=\"wd_image_or_svg.default\">\n\t\t\t\t<div class=\"elementor-widget-container\">\n\t\t\t\n\t\t<div class=\"wd-image text-left\">\n\t\t\t\t\t\t\t\t<img loading=\"lazy\" decoding=\"async\" width=\"1393\" height=\"1004\" src=\"https:\/\/cukurovaav.com\/wp-content\/uploads\/2022\/07\/image-118.jpg\" class=\"attachment-full size-full\" alt=\"\" srcset=\"https:\/\/cukurovaav.com\/wp-content\/uploads\/2022\/07\/image-118.jpg 1393w, https:\/\/cukurovaav.com\/wp-content\/uploads\/2022\/07\/image-118-430x310.jpg 430w, https:\/\/cukurovaav.com\/wp-content\/uploads\/2022\/07\/image-118-150x108.jpg 150w, https:\/\/cukurovaav.com\/wp-content\/uploads\/2022\/07\/image-118-700x505.jpg 700w, https:\/\/cukurovaav.com\/wp-content\/uploads\/2022\/07\/image-118-400x288.jpg 400w, https:\/\/cukurovaav.com\/wp-content\/uploads\/2022\/07\/image-118-1110x800.jpg 1110w, https:\/\/cukurovaav.com\/wp-content\/uploads\/2022\/07\/image-118-768x554.jpg 768w, https:\/\/cukurovaav.com\/wp-content\/uploads\/2022\/07\/image-118-860x620.jpg 860w\" sizes=\"auto, (max-width: 1393px) 100vw, 1393px\" \/>\t\t\t\t\t<\/div>\n\n\t\t\t\t<\/div>\n\t\t\t\t<\/div>\n\t\t\t\t\t<\/div>\n\t\t<\/div>\n\t\t\t\t<div class=\"elementor-column elementor-col-50 elementor-top-column elementor-element elementor-element-13c34cb\" data-id=\"13c34cb\" data-element_type=\"column\">\n\t\t\t<div class=\"elementor-widget-wrap elementor-element-populated\">\n\t\t\t\t\t\t\t\t<div class=\"elementor-element elementor-element-5168076 elementor-widget elementor-widget-wd_text_block\" data-id=\"5168076\" data-element_type=\"widget\" data-widget_type=\"wd_text_block.default\">\n\t\t\t\t<div class=\"elementor-widget-container\">\n\t\t\t\t\t<div class=\"wd-text-block reset-last-child text-left\">\n\t\t\t\n\t\t\t<p>In the name of brand recognition, we create trial groups for rifles in the USA, as well as test all the rifles that we will put on the market by the trial teams with thousands of cartridges for quality control beforehand and offer our rifles for sale after the sales approval is received. In this way, we further strengthen our reliable and solid image and continuously expand our production range by following up the current market data on the spot and implementing innovations as soon as possible by conducting R&amp;D studies.<\/p><p>Our aim is to ensure continuity as the first choice of the consumer with service and product quality, and to provide permanent superiority by creating differences in our sector.<\/p>\n\t\t\t\t\t<\/div>\n\t\t\t\t<\/div>\n\t\t\t\t<\/div>\n\t\t\t\t\t<\/div>\n\t\t<\/div>\n\t\t\t\t\t\t\t<\/div>\n\t\t<\/section>\n\t\t\t\t\t\t\t<\/div>","protected":false},"excerpt":{"rendered":"<p>\u00c7UKUROVA AV HAKKINDA B\u0130LG\u0130 ED\u0130N\u0130N Hakk\u0131m\u0131zda \u00c7ukurova Av Spor 1999 y\u0131l\u0131nda Adana\u2019n\u0131n \u0130ncirlik Hava \u00dcss\u00fc\u2019ndeki Amerikal\u0131 asker ve pilotlar\u0131n hobisi<\/p>","protected":false},"author":1,"featured_media":0,"parent":0,"menu_order":0,"comment_status":"closed","ping_status":"closed","template":"","meta":{"footnotes":""},"class_list":["post-4400","page","type-page","status-publish","hentry"],"_links":{"self":[{"href":"https:\/\/cukurovaav.com\/en\/wp-json\/wp\/v2\/pages\/4400","targetHints":{"allow":["GET"]}}],"collection":[{"href":"https:\/\/cukurovaav.com\/en\/wp-json\/wp\/v2\/pages"}],"about":[{"href":"https:\/\/cukurovaav.com\/en\/wp-json\/wp\/v2\/types\/page"}],"author":[{"embeddable":true,"href":"https:\/\/cukurovaav.com\/en\/wp-json\/wp\/v2\/users\/1"}],"replies":[{"embeddable":true,"href":"https:\/\/cukurovaav.com\/en\/wp-json\/wp\/v2\/comments?post=4400"}],"version-history":[{"count":7,"href":"https:\/\/cukurovaav.com\/en\/wp-json\/wp\/v2\/pages\/4400\/revisions"}],"predecessor-version":[{"id":10941,"href":"https:\/\/cukurovaav.com\/en\/wp-json\/wp\/v2\/pages\/4400\/revisions\/10941"}],"wp:attachment":[{"href":"https:\/\/cukurovaav.com\/en\/wp-json\/wp\/v2\/media?parent=4400"}],"curies":[{"name":"wp","href":"https:\/\/api.w.org\/{rel}","templated":true}]}}